{"id":3,"date":"2024-02-08T12:34:54","date_gmt":"2024-02-08T10:34:54","guid":{"rendered":"https:\/\/www.montseferrermasague.com\/es\/?page_id=3"},"modified":"2024-04-28T23:38:44","modified_gmt":"2024-04-28T21:38:44","slug":"politica-de-proteccio-de-dades","status":"publish","type":"page","link":"https:\/\/www.montseferrermasague.com\/es\/politica-de-proteccio-de-dades\/","title":{"rendered":"Pol\u00edtica de protecci\u00f3n de datos"},"content":{"rendered":"<div class=\"fusion-fullwidth fullwidth-box fusion-builder-row-1 fusion-flex-container nonhundred-percent-fullwidth non-hundred-percent-height-scrolling\" style=\"--awb-border-radius-top-left:0px;--awb-border-radius-top-right:0px;--awb-border-radius-bottom-right:0px;--awb-border-radius-bottom-left:0px;--awb-flex-wrap:wrap;\" ><div class=\"fusion-builder-row fusion-row fusion-flex-align-items-flex-start fusion-flex-content-wrap\" style=\"max-width:1248px;margin-left: calc(-4% \/ 2 );margin-right: calc(-4% \/ 2 );\"><div class=\"fusion-layout-column fusion_builder_column fusion-builder-column-0 fusion_builder_column_1_1 1_1 fusion-flex-column\" style=\"--awb-bg-blend:overlay;--awb-bg-size:cover;--awb-width-large:100%;--awb-margin-top-large:0px;--awb-spacing-right-large:1.92%;--awb-margin-bottom-large:0px;--awb-spacing-left-large:1.92%;--awb-width-medium:100%;--awb-spacing-right-medium:1.92%;--awb-spacing-left-medium:1.92%;--awb-width-small:100%;--awb-spacing-right-small:1.92%;--awb-spacing-left-small:1.92%;\"><div class=\"fusion-column-wrapper fusion-flex-justify-content-flex-start fusion-content-layout-column\"><div class=\"fusion-text fusion-text-1\"><\/p>\n<h2 class=\"wp-block-heading\">Responsable. \u00bfQui\u00e9n es el Responsable del tratamiento de datos?<\/h2>\n<p>Le informamos que Montse Ferrer Masagu\u00e9 es la titular de la web <strong>www.montseferrermasague.com<\/strong>, con NIF\u00a034734707S y domicilio en la Calle de los Castillejos, 326, 1\u00ba 1\u00aa \u2013 08025 Barcelona. Pueden contactar por correo electr\u00f3nico a: info@montseferremasague.com<\/p>\n<h2>Legitimaci\u00f3n. \u00bfCu\u00e1l es la legitimaci\u00f3n para el tratamiento de sus datos?<\/h2>\n<p>La base legal para el tratamiento de sus datos est\u00e1 basada en el consentimiento que se le solicitar\u00e1 en los distintos formularios de contacto. El usuario que facilite sus datos personal a trav\u00e9s de los diferentes formularios de contacto, estar\u00e1 proporcionando voluntariamente datos de car\u00e1cter personal (en adelante Datos Personales). La informaci\u00f3n que nos facilite pasar\u00e1 a ser introducida en un tratamiento de datos bajo la responsabilidad de <strong>Montse Ferrer Masagu\u00e9<\/strong> y se mantendr\u00e1 confidencial y protegido.<\/p>\n<p><strong>Montse Ferrer Masagu\u00e9<\/strong> informa a los usuarios que, en cumplimiento del RGPD 679\/2016, dispone de un Registro de Actividades. Por todo ello, el usuario acepta de forma expresa, plenamente y sin reservas que <strong>Montse Ferrer Masagu\u00e9<\/strong> trate sus datos personales de forma automatizada y los incorpore a un tratamiento de datos con el fin de poder responder a las consultas que usted plantee y prestado y ofrecer sus servicios. En el ep\u00edgrafe Finalidad le detallaremos ampliamente con qu\u00e9 finalidad <strong>Montse Ferrer Masagu\u00e9<\/strong> tratar\u00e1 sus datos personales.<\/p>\n<p>Esta pol\u00edtica de privacidad describe la recopilaci\u00f3n del uso que hacemos de su informaci\u00f3n personal. Salvo que espec\u00edficamente se establezca lo contrario, se considerar\u00e1 necesario completar todos los datos obligatorios para utilizar todos los formularios.<\/p>\n<h2>Procedencia. \u00bfC\u00f3mo hemos obtenido sus datos?<\/h2>\n<p>Toda la informaci\u00f3n personal, datos de car\u00e1cter personal, que tenemos de usted nos ha facilitado a trav\u00e9s de los diferentes formularios de contacto o en los correos electr\u00f3nicos.<\/p>\n<p>Datos que se solicitan en el formulario de contacto:<\/p>\n<p>Nombre<br \/>Correo electr\u00f3nico<\/p>\n<p>No se tratar\u00e1n datos especialmente protegidos.<\/p>\n<p>Visitar la web de <strong>Montse Ferrer Masagu\u00e9<\/strong> no supone que el usuario est\u00e9 obligado a facilitar ninguna informaci\u00f3n sobre s\u00ed mismo.<\/p>\n<p>El usuario tendr\u00e1 la opci\u00f3n de prestar su aceptaci\u00f3n y consentimiento al tratamiento de sus datos personales por parte de Montse Ferrer Masagu\u00e9 de conformidad con la Presente Pol\u00edtica de Protecci\u00f3n de Datos. Sin embargo, si no acepta los t\u00e9rminos de la Pol\u00edtica de Protecci\u00f3n de Datos, no podr\u00e1 utilizar el formulario de contacto.<\/p>\n<p><strong>Montse Ferrer Masagu\u00e9<\/strong> proh\u00edbe expresamente que los menores de dieciocho a\u00f1os faciliten datos personales sin el previo consentimiento de sus padres o tutores. En caso de ser menor de dieciocho a\u00f1os y no tener este consentimiento, no facilite datos personales a <strong>Montse Ferrer Masagu\u00e9<\/strong> ni utilice nuestros servicios.<\/p>\n<p>El usuario deber\u00e1 facilitar a <strong>Montse Ferrer Masagu\u00e9<\/strong> los datos personales que se le puedan requerir cuando utilice el formulario de contacto. Los datos personales ser\u00e1n tratados con el grado de protecci\u00f3n legalmente exigible para garantizar la seguridad de los mismos y evitar su alteraci\u00f3n, p\u00e9rdida, tratamiento o acceso no autorizado, teniendo en cuenta el estado de la tecnolog\u00eda, siendo el usuario consciente y aceptando que las medidas de seguridad en Internet no son inexpugnables.<\/p>\n<h2>Finalidad. \u00bfCon qu\u00e9 finalidad trataremos sus datos personales?<\/h2>\n<p><strong>Montse Ferrer Masagu\u00e9<\/strong> trata de la informaci\u00f3n que nos facilita para gestionar las consultas recibidas.<\/p>\n<p>Finalidad del tratamiento de datos del formulario de contacto: responder a sus consultas.<\/p>\n<p>En resumen, la informaci\u00f3n personal que nos facilite a trav\u00e9s de los diferentes formularios y correos electr\u00f3nicos, se mantendr\u00e1 confidencial y protegida. En ning\u00fan caso se destinar\u00e1 o utilizar\u00e1 para otros fines, no se entregar\u00e1 a terceras personas sin su consentimiento, de acuerdo con lo que establece el RGPD 679\/2016. Para cumplir con las diferentes disposiciones legales, hemos establecido distintos niveles de seguridad para proteger los datos personales que nos facilite, habiendo adoptado todas las medidas t\u00e9cnicas a nuestro alcance para evitar la p\u00e9rdida, mal uso, alteraci\u00f3n, acceso no autorizado y manipulaci\u00f3n de estos datos personales.<\/p>\n<p>Nuestro compromiso:<\/p>\n<p>Prometemos proteger su intimidad y tratar de forma confidencial la informaci\u00f3n que proporcione.<br \/>La informaci\u00f3n que proporcione ser\u00e1 utilizada \u00fanicamente para los servicios contratados.<br \/>No revelaremos su informaci\u00f3n personal a terceros sin su consentimiento.<\/p>\n<h2>\u00bfPor cu\u00e1nto tiempo conservaremos sus datos?<\/h2>\n<p>Los datos de car\u00e1cter personal se conservar\u00e1n en cumplimiento de los plazos legales de prescripci\u00f3n que resulten de aplicaci\u00f3n.<\/p>\n<p>Si se suscribe a la newsletter, podr\u00e1 darse de baja cuando lo desee.<\/p>\n<h2>Destinatarios. \u00bfA qu\u00e9 destinatarios se comunicar\u00e1n los datos?<\/h2>\n<p>Estos datos ser\u00e1n tratados por <strong>Montse Ferrer Masagu\u00e9<\/strong> y ser\u00e1n sometidos a secreto profesional para poder prestarle el servicio solicitado.<\/p>\n<h2>Derechos. \u00bfCu\u00e1les son sus derechos cuando nos facilita datos?<\/h2>\n<p>Cualquier persona tiene derecho a obtener<\/p>\n<p>confirmaci\u00f3n sobre si Montse Ferrer Masagu\u00e9 trata con datos personales que le conciernan, o no. Las personas interesadas tendr\u00e1n derecho a acceder a sus datos personales, as\u00ed como a solicitar la rectificaci\u00f3n de los datos inexactos o, en su caso, solicitar la cancelaci\u00f3n. Tiene siempre derecho a ejercitar sus derechos de acceso, rectificaci\u00f3n, oposici\u00f3n, supresi\u00f3n, limitaci\u00f3n de tratamiento y portabilidad de los datos personales que nos haya proporcionado, establecidos en el RGPD 679\/2016. Puede hacerlo en la siguiente direcci\u00f3n: info@montseferrermasagu\u00e9.com, o bien por escrito en el domicilio social ubicado en la calle Castillejos 326, 1\u00ba 1a \u2013 08025 Barcelona. Podr\u00e1 dirigirse a la Autoridad de control competente para presentar la reclamaci\u00f3n que considere oportuna.<\/p>\n<h2>Pol\u00edtica de cookies<\/h2>\n<p>Las cookies son peque\u00f1os archivos que se instalan en el ordenador del usuario y que permiten al responsable de un servicio mejorar la forma de interactuar entre sus visitantes y su sitio web. En algunos casos, la instalaci\u00f3n de estas cookies requiere del consentimiento del usuario.<\/p>\n<p>Existen diferentes clases de cookies, afectadas y no afectadas por la Ley:<\/p>\n<p>Cookies no afectadas:<\/p>\n<ul>\n<li><strong>T\u00e9cnicas<\/strong>: Son necesarias para la navegaci\u00f3n. Sin ellas la p\u00e1gina no funcionar\u00eda de forma adecuada.<\/li>\n<li><strong>De personalizaci\u00f3n<\/strong> o configuraci\u00f3n: Permiten que la p\u00e1gina reconozca el idioma del usuario, el tama\u00f1o de las letras, etc.<\/li>\n<li><strong>De seguridad<\/strong>: Impiden o dificultan los ataques contra el sitio web o sus usuarios.<\/li>\n<\/ul>\n<p>Cookies afectadas:<\/p>\n<ul>\n<li><strong>Anal\u00edticas<\/strong>: Permiten medir la actividad de los usuarios y elaborar estad\u00edsticas de navegaci\u00f3n.<\/li>\n<li><strong>Publicitarias<\/strong>: Gestionan la frecuencia y contenido de los anuncios.<\/li>\n<li><strong>De seguimiento<\/strong>: Almacenan informaci\u00f3n sobre los usuarios para mostrarles publicidad personalizada.<\/li>\n<\/ul>\n<p><strong>Montse Ferrer Masagu\u00e9<\/strong> informa que el sitio web utiliza Google Analytics, un servicio anal\u00edtico de web prestado por Google, Inc., una empresa de Delaware cuya oficina est\u00e1 en 1600 Amphitheatre Parkway, Mountain View (California), CA 94043, Estados Unidos (\u201cGoogle\u201d).<\/p>\n<p>Google Analytics utiliza cookies para ayudar al sitio web a analizar el uso que hacen los usuarios de la web. La informaci\u00f3n que genera la cookie sobre su uso del sitio web (incluyendo su direcci\u00f3n IP) ser\u00e1 directamente transmitida y archivada por Google en los servidores de Estados Unidos.<\/p>\n<p>Lista de cookies:<\/p>\n<p>https:\/\/developers.google.com\/analytics\/devguides\/collection\/analyticsjs\/cookie-usage?hl=es-419<\/p>\n<p>Al visitar la web de <strong>Montse Ferrer Masagu\u00e9<\/strong>, algunas cookies no las instalamos nosotros, sino terceros. Por ejemplo, si hace clic en un anuncio de un tercero que aparece en el sitio web (es decir, que anuncia un producto que no vienen directamente nosotros), este tercero puede instalar cookies en su dispositivo. Tenemos una relaci\u00f3n comercial con estos terceros pero no instalamos las cookies en su dispositivo. Por tanto sugerimos que vaya a los sitios webs de estos terceros para obtener m\u00e1s informaci\u00f3n sobre las cookies que instalan y c\u00f3mo usted puede gestionarlas.<\/p>\n<p>Puede usted rechazar el tratamiento de los datos o la informaci\u00f3n desactivando el uso de cookies mediante la selecci\u00f3n de la configuraci\u00f3n apropiada de su navegador, aunque, debe saber usted que si lo hace puede que no pueda utilizar la plena funcionalidad del sitio web. Al utilizar este sitio web usted consiente el tratamiento de informaci\u00f3n sobre usted por Google de la forma y con las finalidades arriba indicadas.<\/p>\n<p>Para desactivar\/activar cookies en su dispositivo, deber\u00e1 hacerlo a trav\u00e9s de su navegador de Internet.<\/p>\n<p><strong>\u00bfC\u00f3mo desactivar\/activas las cookies de terceros?<\/strong><\/p>\n<p>Las cookies de terceros no las instalamos nosotros. Por tanto le sugerimos que mire a los sitios web de estos terceros para obtener informaci\u00f3n sobre las cookies que instalan y c\u00f3mo las puede gestionar.<\/p><\/p>\n<\/div><\/div><\/div><\/div><\/div>","protected":false},"excerpt":{"rendered":"","protected":false},"author":1,"featured_media":0,"parent":0,"menu_order":0,"comment_status":"closed","ping_status":"open","template":"100-width.php","meta":{"footnotes":""},"aioseo_notices":[],"_links":{"self":[{"href":"https:\/\/www.montseferrermasague.com\/es\/wp-json\/wp\/v2\/pages\/3"}],"collection":[{"href":"https:\/\/www.montseferrermasague.com\/es\/wp-json\/wp\/v2\/pages"}],"about":[{"href":"https:\/\/www.montseferrermasague.com\/es\/wp-json\/wp\/v2\/types\/page"}],"author":[{"embeddable":true,"href":"https:\/\/www.montseferrermasague.com\/es\/wp-json\/wp\/v2\/users\/1"}],"replies":[{"embeddable":true,"href":"https:\/\/www.montseferrermasague.com\/es\/wp-json\/wp\/v2\/comments?post=3"}],"version-history":[{"count":8,"href":"https:\/\/www.montseferrermasague.com\/es\/wp-json\/wp\/v2\/pages\/3\/revisions"}],"predecessor-version":[{"id":2376,"href":"https:\/\/www.montseferrermasague.com\/es\/wp-json\/wp\/v2\/pages\/3\/revisions\/2376"}],"wp:attachment":[{"href":"https:\/\/www.montseferrermasague.com\/es\/wp-json\/wp\/v2\/media?parent=3"}],"curies":[{"name":"wp","href":"https:\/\/api.w.org\/{rel}","templated":true}]}}